{"id":6014,"date":"2020-10-06T18:13:55","date_gmt":"2020-10-06T22:13:55","guid":{"rendered":"http:\/\/flampointenerg.com\/marchands\/"},"modified":"2024-09-10T22:52:27","modified_gmt":"2024-09-11T02:52:27","slug":"marchands","status":"publish","type":"page","link":"https:\/\/flampointenerg.com\/en\/marchands\/","title":{"rendered":"Dealers"},"content":{"rendered":"<p>[vc_row full_width=&#8221;stretch_row&#8221; equal_height=&#8221;yes&#8221; content_placement=&#8221;middle&#8221; css=&#8221;.vc_custom_1528085276792{margin-bottom: 0px !important;padding-bottom: 40px !important;background-color: #f79226 !important;}&#8221;][vc_column][vc_column_text]<\/p>\n<h2 style=\"text-align: center;\">OUR RETAILERS<\/h2>\n<p>[\/vc_column_text][vc_empty_space][vc_column_text]<\/p>\n<p style=\"text-align: center;\">Do you want to learn more about our products? Feel free to contact one of these specialized stores.<\/p>\n<p>[\/vc_column_text][\/vc_column][\/vc_row][vc_row][vc_column][vc_column_text]<\/p>\n<blockquote>\n<h3>QU\u00c9BEC<\/h3>\n<\/blockquote>\n<h3>&#8211; Capitale Nationale &#8211;<\/h3>\n<p><strong>Chemin\u00e9es po\u00eales et foyers Qu\u00e9bec<\/strong><br \/>\n2575, Wilfrid-Hamel<br \/>\nQu\u00e9bec (Qu\u00e9bec)\u202f G1P 2H9<br \/>\n581 700-6860<br \/>\n<a href=\"mailto:info@foyerquebec.com\">info@foyerquebec.com<\/a><\/p>\n<h3>&#8211; Chaudi\u00e8re-Appalaches &#8211;<\/h3>\n<p><strong>Chemin\u00e9es po\u00eales et foyers Rock Toulouse<\/strong><br \/>\n13055, Boulevard Lacroix<br \/>\nSaint-Georges de Beauce (Qu\u00e9bec) G5Y 1N2<br \/>\n418 228-1053<br \/>\n<a href=\"mailto:rock.toulouse@globetrotter.net\">rock.toulouse@globetrotter.net<\/a><\/p>\n<p><strong><b>Boutique Belle Chaleur<\/b><\/strong><br \/>\n379, Boulevard Frontenac E<br \/>\nThetford Mines (Qu\u00e9bec) G6G 1N5<br \/>\n418 335-9166<br \/>\n<a href=\"https:\/\/noreafoyersthetford.com\" target=\"_blank\" rel=\"noopener\">noreafoyersthetford.com<\/a><\/p>\n<p><strong>Po\u00eale et Foyer de l\u2019\u00e9rable<\/strong><br \/>\n1000 Notre-Dame E.<br \/>\nVictoriaville (Qu\u00e9bec) G6P 4B9<br \/>\n819 752-3985<br \/>\n<a id=\"LPlnk531641\" href=\"mailto:poelesetfoyers@hotmail.com\" target=\"_blank\" rel=\"noopener\" data-linkindex=\"0\">poelesetfoyers@hotmail.com<\/a><\/p>\n<h3>&#8211; Outaouais &#8211;<\/h3>\n<p><strong>RONA Deslongchamps \/ Maniwaki<\/strong><br \/>\n79 Kichi Mikan<br \/>\nManiwaki (Qu\u00e9bec) J9E 3C3<br \/>\n819 306-7662<br \/>\n<a href=\"mailto:info@ronadeslongchamps.ca\" target=\"_blank\" rel=\"noopener\">info@ronadeslongchamps.ca\u00a0<\/a><\/p>\n<h3>&#8211; Laurentides &#8211;<\/h3>\n<p><strong>Mat\u00e9rio Saint-J\u00e9r\u00f4me<\/strong><br \/>\n2159, boulevard Cur\u00e9-Labelle<br \/>\nSaint-J\u00e9r\u00f4me (Qu\u00e9bec) J7Y 1T1<br \/>\n450 438-8109<br \/>\n<a href=\"http:\/\/www.materio.ca\" target=\"_blank\" rel=\"noopener\">materio.ca<\/a><\/p>\n<p><strong>Mat\u00e9rio Terrebonne<\/strong><br \/>\n7700, Boulevard Laurier<br \/>\nTerrebonne (Qu\u00e9bec) J7M 2K8<br \/>\n450 478-7557<br \/>\n<a href=\"http:\/\/www.materio.ca\" target=\"_blank\" rel=\"noopener\">materio.ca<\/a><\/p>\n<p><strong>Mat\u00e9rio Saint-Hippolyte<\/strong><br \/>\n957, chemin des Hauteurs<br \/>\nSaint-Hippolyte (Qu\u00e9bec) J8A 1K8<br \/>\n450 224-8555<br \/>\n<a href=\"http:\/\/www.materio.ca\" target=\"_blank\" rel=\"noopener\">materio.ca<\/a><\/p>\n<p><strong>RONA Deslongchamps \/ Rivi\u00e8re Rouge<\/strong><br \/>\n400, rue L&#8217;Annonciation sud<br \/>\nRivi\u00e8re-Rouge (Qu\u00e9bec) J0T 1T0<br \/>\n819 275-2694<br \/>\n<a href=\"mailto:info@ronadeslongchamps.ca\" target=\"_blank\" rel=\"noopener\">info@ronadeslongchamps.ca<\/a><\/p>\n<p><strong>RONA Deslongchamps \/ Mont-Laurier<\/strong><br \/>\n1351 , boul. Albiny Paquette<br \/>\nMont-Laurier (Qu\u00e9bec) J9L 1M8<br \/>\n819 623-1245<br \/>\n<a href=\"mailto:info@ronadeslongchamps.ca\" target=\"_blank\" rel=\"noopener\">info@ronadeslongchamps.ca<\/a><\/p>\n<h3>&#8211; Mont\u00e9r\u00e9gie &#8211;<\/h3>\n<p><strong>L\u2019ambiance po\u00eale et Chemin\u00e9e Hemmingford Inc.<\/strong><br \/>\n890, Rte 219<br \/>\nHemmingford (Qu\u00e9bec) J0L 1H0<br \/>\n450 247-2131<br \/>\n<a href=\"mailto:ramoneurpatrick@gmail.com\">ramoneurpatrick@gmail.com<\/a><\/p>\n<p><strong>Place Biomasse<\/strong><br \/>\n143, rue Ch\u00e2teauguay<br \/>\nHuntingdon (Qu\u00e9bec) J0S 1H0<br \/>\n450 601-5374<br \/>\n<a href=\"http:\/\/www.thsdistribution.ca\" target=\"_blank\" rel=\"noopener\">thsdistribution.ca<\/a><\/p>\n<p><strong>Confort Andr\u00e9<\/strong><br \/>\n284, Boulevard Champlain<br \/>\nSaint-Jean-sur-Richelieu (Qu\u00e9bec) \u202fJ3B 6V9<br \/>\n450 347-2349<br \/>\n<a href=\"http:\/\/www.confortandre.ca\" target=\"_blank\" rel=\"noopener\">confortandre.ca<\/a><\/p>\n<p><strong>Rona Roch Gauthier &amp; Fils<\/strong><br \/>\n1655, Boulevard de la Cit\u00e9 des Jeunes<br \/>\nLes C\u00e8dres (Qu\u00e9bec) \u202fJ7T 1K9<br \/>\n450 452-4764<br \/>\n<a href=\"mailto:info2@rochgauthierfils.com\">info2@rochgauthierfils.com<\/a><\/p>\n<p><strong>RONA Roch Gauthier &amp; Fils<\/strong><br \/>\n68, Ste-Catherine<br \/>\nSaint-Polycarpe (Qu\u00e9bec) \u202fJoP 1X0<br \/>\n450 265-3256<br \/>\n<a href=\"mailto:info@rochgauthierfils.com\">info@rochgauthierfils.com<\/a><\/p>\n<blockquote>\n<h3>ONTARIO<\/h3>\n<\/blockquote>\n<p><strong>Dagenais Woodwork Ltd<\/strong><br \/>\n349 Highway 11 W<br \/>\nMoonbeam (ON)\u202f P0L 1V0<br \/>\n705 367-2233<br \/>\n<a href=\"https:\/\/www.facebook.com\/dagenaiswoodwork\/\" target=\"_blank\" rel=\"noopener\">mdagenais31@yahoo.com<\/a><\/p>\n<p>[\/vc_column_text][\/vc_column][\/vc_row][vc_row full_width=&#8221;stretch_row&#8221; css=&#8221;.vc_custom_1467893284398{margin-top: 0px !important;margin-bottom: 0px !important;padding-top: 10px !important;padding-bottom: 80px !important;}&#8221;][vc_column]<div class='gambit_background_row' style='background-color: rgba(37,37,37,0.95);background-size: cover;background-position: center;'><\/div>[vc_row_inner css=&#8221;.vc_custom_1467894712321{margin-bottom: 0px !important;padding-top: 45px !important;padding-bottom: 55px !important;}&#8221;][vc_column_inner][vc_custom_heading text=&#8221;NOUS JOINDRE&#8221; font_container=&#8221;tag:h1|font_size:36px|text_align:center|color:%23ffffff|line_height:30px&#8221; google_fonts=&#8221;font_family:Montserrat%3Aregular%2C700|font_style:700%20bold%20regular%3A700%3Anormal&#8221;][vc_custom_heading text=&#8221;POUR TOUTES QUESTIONS, CONTACTEZ-NOUS!&#8221; font_container=&#8221;tag:h3|font_size:18px|text_align:center|color:%23ffffff|line_height:16px&#8221; google_fonts=&#8221;font_family:Montserrat%3Aregular%2C700|font_style:400%20regular%3A400%3Anormal&#8221;][\/vc_column_inner][\/vc_row_inner][vc_row_inner css=&#8221;.vc_custom_1458739779194{margin-bottom: 40px !important;}&#8221;][vc_column_inner width=&#8221;1\/2&#8243;][vc_custom_heading text=&#8221;PAR T\u00c9L\u00c9PHONE&#8221; font_container=&#8221;tag:h4|text_align:center|color:%23ffffff&#8221; google_fonts=&#8221;font_family:Roboto%3A100%2C100italic%2C300%2C300italic%2Cregular%2Citalic%2C500%2C500italic%2C700%2C700italic%2C900%2C900italic|font_style:500%20bold%20regular%3A500%3Anormal&#8221;][vc_column_text]<\/p>\n<p style=\"text-align: center;\"><span style=\"color: #edece6;\">1 877 419-9877<br \/>\n<\/span><\/p>\n<p>[\/vc_column_text][\/vc_column_inner][vc_column_inner width=&#8221;1\/2&#8243;][vc_custom_heading text=&#8221;PAR COURRIEL&#8221; font_container=&#8221;tag:h4|text_align:center|color:%23ffffff&#8221; google_fonts=&#8221;font_family:Roboto%3A100%2C100italic%2C300%2C300italic%2Cregular%2Citalic%2C500%2C500italic%2C700%2C700italic%2C900%2C900italic|font_style:500%20bold%20regular%3A500%3Anormal&#8221;][vc_column_text]<\/p>\n<p style=\"text-align: center;\"><span style=\"color: #edece6;\">maxime@flampointenerg.com<\/span><\/p>\n<p>[\/vc_column_text][\/vc_column_inner][\/vc_row_inner]\n<div class=\"wpcf7 no-js\" id=\"wpcf7-f6-o1\" lang=\"fr-FR\" dir=\"ltr\">\n<div class=\"screen-reader-response\"><p role=\"status\" aria-live=\"polite\" aria-atomic=\"true\"><\/p> <ul><\/ul><\/div>\n<form action=\"\/en\/wp-json\/wp\/v2\/pages\/6014#wpcf7-f6-o1\" method=\"post\" class=\"wpcf7-form init\" aria-label=\"Formulaire de contact\" novalidate=\"novalidate\" data-status=\"init\">\n<div style=\"display: none;\">\n<input type=\"hidden\" name=\"_wpcf7\" value=\"6\" \/>\n<input type=\"hidden\" name=\"_wpcf7_version\" value=\"5.9.8\" \/>\n<input type=\"hidden\" name=\"_wpcf7_locale\" value=\"fr_FR\" \/>\n<input type=\"hidden\" name=\"_wpcf7_unit_tag\" value=\"wpcf7-f6-o1\" \/>\n<input type=\"hidden\" name=\"_wpcf7_container_post\" value=\"0\" \/>\n<input type=\"hidden\" name=\"_wpcf7_posted_data_hash\" value=\"\" \/>\n<\/div>\n<div>\n\t<div style=\"width:100%;\">\n\t\t<div class=\"bloc\" style=\"width:50%; display:inline-block !important;  float:left;  min-width:300px; padding-right:20px; \">\n\t\t\t<p><label style=\"width:100%; min-width:300px;\"><br \/>\n<span class=\"wpcf7-form-control-wrap\" data-name=\"your-first-name\"><input size=\"40\" maxlength=\"400\" class=\"wpcf7-form-control wpcf7-text wpcf7-validates-as-required\" aria-required=\"true\" aria-invalid=\"false\" placeholder=\"Pr\u00e9nom\" value=\"\" type=\"text\" name=\"your-first-name\" \/><\/span><\/label>\n\t\t\t<\/p>\n\t\t<\/div>\n\t\t<div class=\"bloc\" style=\"width:50%; display:inline-block !important;  float:left;  min-width:300px; padding-left:20px;\">\n\t\t\t<p><label style=\"width:100%;\"><br \/>\n<span class=\"wpcf7-form-control-wrap\" data-name=\"your-name\"><input size=\"40\" maxlength=\"400\" class=\"wpcf7-form-control wpcf7-text wpcf7-validates-as-required\" aria-required=\"true\" aria-invalid=\"false\" placeholder=\"Nom\" value=\"\" type=\"text\" name=\"your-name\" \/><\/span><br \/>\n<\/label>\n\t\t\t<\/p>\n\t\t<\/div>\n\t\t<div class=\"bloc\" style=\"width:50%; display:inline-block !important;  float:left;  min-width:300px; padding-right:20px;\">\n\t\t\t<p><label style=\"width:100%;\"><br \/>\n<span class=\"wpcf7-form-control-wrap\" data-name=\"your-email\"><input size=\"40\" maxlength=\"400\" class=\"wpcf7-form-control wpcf7-email wpcf7-validates-as-required wpcf7-text wpcf7-validates-as-email\" aria-required=\"true\" aria-invalid=\"false\" placeholder=\"Courriel\" value=\"\" type=\"email\" name=\"your-email\" \/><\/span> <\/label>\n\t\t\t<\/p>\n\t\t<\/div>\n\t\t<div class=\"bloc\" style=\"width:50%; display:inline-block !important;  float:left;  min-width:300px; padding-left:20px;\">\n\t\t\t<p><label class=\"bloc\" style=\"width:100% !important;\"><br \/>\n<span class=\"wpcf7-form-control-wrap\" data-name=\"your-subject\"><input size=\"40\" maxlength=\"400\" class=\"wpcf7-form-control wpcf7-text\" aria-invalid=\"false\" placeholder=\"Sujet\" value=\"\" type=\"text\" name=\"your-subject\" \/><\/span> <\/label>\n\t\t\t<\/p>\n\t\t<\/div>\n\t<\/div>\n\t<div style=\"width:100%;\">\n\t\t<p><label style=\"width:100%;\"><br \/>\n<span class=\"wpcf7-form-control-wrap\" data-name=\"your-message\"><textarea cols=\"40\" rows=\"10\" maxlength=\"2000\" class=\"wpcf7-form-control wpcf7-textarea\" aria-invalid=\"false\" placeholder=\"Message\" name=\"your-message\"><\/textarea><\/span> <\/label>\n\t\t<\/p>\n\t<\/div>\n\t<p><input class=\"wpcf7-form-control wpcf7-submit has-spinner\" type=\"submit\" value=\"Envoyer\" \/>\n\t<\/p>\n<\/div><div class=\"wpcf7-response-output\" aria-hidden=\"true\"><\/div>\n<\/form>\n<\/div>\n[\/vc_column][\/vc_row]<\/p>\n","protected":false},"excerpt":{"rendered":"<p>[vc_row full_width=&#8221;stretch_row&#8221; equal_height=&#8221;yes&#8221; content_placement=&#8221;middle&#8221; css=&#8221;.vc_custom_1528085276792{margin-bottom: 0px !important;padding-bottom: 40px !important;background-color: #f79226 !important;}&#8221;][vc_column][vc_column_text] OUR RETAILERS [\/vc_column_text][vc_empty_space][vc_column_text] Do you want to learn more about our products? Feel free to contact one of these specialized stores. [\/vc_column_text][\/vc_column][\/vc_row][vc_row][vc_column][vc_column_text] QU\u00c9BEC &#8211; Capitale Nationale &#8211; Chemin\u00e9es po\u00eales et foyers Qu\u00e9bec 2575, Wilfrid-Hamel Qu\u00e9bec (Qu\u00e9bec)\u202f G1P 2H9 581 700-6860 info@foyerquebec.com &#8211; Chaudi\u00e8re-Appalaches &#8211; [&hellip;]<\/p>\n","protected":false},"author":1,"featured_media":0,"parent":0,"menu_order":2,"comment_status":"closed","ping_status":"closed","template":"","meta":{"footnotes":""},"class_list":["post-6014","page","type-page","status-publish","hentry"],"jetpack_sharing_enabled":true,"_links":{"self":[{"href":"https:\/\/flampointenerg.com\/en\/wp-json\/wp\/v2\/pages\/6014"}],"collection":[{"href":"https:\/\/flampointenerg.com\/en\/wp-json\/wp\/v2\/pages"}],"about":[{"href":"https:\/\/flampointenerg.com\/en\/wp-json\/wp\/v2\/types\/page"}],"author":[{"embeddable":true,"href":"https:\/\/flampointenerg.com\/en\/wp-json\/wp\/v2\/users\/1"}],"replies":[{"embeddable":true,"href":"https:\/\/flampointenerg.com\/en\/wp-json\/wp\/v2\/comments?post=6014"}],"version-history":[{"count":6,"href":"https:\/\/flampointenerg.com\/en\/wp-json\/wp\/v2\/pages\/6014\/revisions"}],"predecessor-version":[{"id":6100,"href":"https:\/\/flampointenerg.com\/en\/wp-json\/wp\/v2\/pages\/6014\/revisions\/6100"}],"wp:attachment":[{"href":"https:\/\/flampointenerg.com\/en\/wp-json\/wp\/v2\/media?parent=6014"}],"curies":[{"name":"wp","href":"https:\/\/api.w.org\/{rel}","templated":true}]}}